{"id":49,"date":"2014-07-21T20:46:29","date_gmt":"2014-07-21T20:46:29","guid":{"rendered":"http:\/\/estudiofares.com\/?page_id=49"},"modified":"2014-10-17T14:07:39","modified_gmt":"2014-10-17T14:07:39","slug":"inicio","status":"publish","type":"page","link":"http:\/\/estudiofares.com\/","title":{"rendered":"Quienes Somos"},"content":{"rendered":"<p>En el a\u00f1o 1948, el prestigioso abogado, escritor, periodista y profesor, Dr. Raimundo Fares, comenzaba su larga y dedicada tarea en la Ciudad de Mendoza. A su retiro en 1987, un grupo de j\u00f3venes profesionales liderado por el Dr. Ignacio Fares continuaba su labor, instalando un nuevo Estudio Jur\u00eddico en la Ciudad de Mendoza, para posteriormente, radicarse tambi\u00e9n en la Ciudad de San Rafael prestando servicios con socios en aquella ciudad. El estudio creci\u00f3 significativamente y hoy cuenta con una reconocida trayectoria en recupero de cartera morosa, en gesti\u00f3n prejudicial y judicial, y en gesti\u00f3n corporativa.<\/p>\n<p><strong>Nuestra Misi\u00f3n<\/strong><\/p>\n<p>Brindar asesoramiento de excelencia a nuestros clientes y proveer soluciones integrales acorde a las necesidades de las empresas del siglo XXI.<\/p>\n<p><strong>Nuestra Visi\u00f3n<\/strong><\/p>\n<p>En un mundo globalizado signado por el dinamismo empresarial, es nuestro compromiso trabajar con excelencia. Seremos un proveedor de servicios m\u00e1s all\u00e1 de lo jur\u00eddico, aportando soluciones a cada problema, con la consigna de convertirnos en referentes en nuestra regi\u00f3n.<\/p>\n<p><strong>Nuestros Valores<\/strong><\/p>\n<ul>\n<li>Experiencia.<\/li>\n<li>Compromiso.<\/li>\n<li>Excelencia.<\/li>\n<li>Integridad.<\/li>\n<li>Liderazgo..<\/li>\n<\/ul>\n","protected":false},"excerpt":{"rendered":"<p>En el a\u00f1o 1948, el prestigioso abogado, escritor, periodista y profesor, Dr. Raimundo Fares, comenzaba su larga y dedicada tarea en la Ciudad de Mendoza. A su retiro en 1987, un grupo de j\u00f3venes profesionales liderado por el Dr. Ignacio Fares continuaba su labor, instalando un nuevo Estudio Jur\u00eddico en la Ciudad de Mendoza, para [&hellip;]<\/p>\n","protected":false},"author":3,"featured_media":0,"parent":0,"menu_order":0,"comment_status":"closed","ping_status":"closed","template":"","meta":{"footnotes":""},"class_list":["post-49","page","type-page","status-publish","hentry"],"_links":{"self":[{"href":"http:\/\/estudiofares.com\/index.php?rest_route=\/wp\/v2\/pages\/49","targetHints":{"allow":["GET"]}}],"collection":[{"href":"http:\/\/estudiofares.com\/index.php?rest_route=\/wp\/v2\/pages"}],"about":[{"href":"http:\/\/estudiofares.com\/index.php?rest_route=\/wp\/v2\/types\/page"}],"author":[{"embeddable":true,"href":"http:\/\/estudiofares.com\/index.php?rest_route=\/wp\/v2\/users\/3"}],"replies":[{"embeddable":true,"href":"http:\/\/estudiofares.com\/index.php?rest_route=%2Fwp%2Fv2%2Fcomments&post=49"}],"version-history":[{"count":4,"href":"http:\/\/estudiofares.com\/index.php?rest_route=\/wp\/v2\/pages\/49\/revisions"}],"predecessor-version":[{"id":53,"href":"http:\/\/estudiofares.com\/index.php?rest_route=\/wp\/v2\/pages\/49\/revisions\/53"}],"wp:attachment":[{"href":"http:\/\/estudiofares.com\/index.php?rest_route=%2Fwp%2Fv2%2Fmedia&parent=49"}],"curies":[{"name":"wp","href":"https:\/\/api.w.org\/{rel}","templated":true}]}}