{"id":15,"date":"2014-02-03T11:11:05","date_gmt":"2014-02-03T11:11:05","guid":{"rendered":"http:\/\/estudiofares.com\/?page_id=15"},"modified":"2014-07-21T20:38:19","modified_gmt":"2014-07-21T20:38:19","slug":"areas-de-practica","status":"publish","type":"page","link":"http:\/\/estudiofares.com\/?page_id=15","title":{"rendered":"\u00c1reas de Pr\u00e1ctica"},"content":{"rendered":"<div>\n<h3>Gesti\u00f3n Corporativa<\/h3>\n<p>Nuestro estudio se especializa en la atenci\u00f3n de empresas, brindando asesoramiento integral en las distintas contingencias que afectan a las mismas en su desarrollo. Procuramos evitar la litigiosidad innecesaria, agotando la instancia extrajudicial, una especie de asesoramiento preventivo, eventualmente conciliatorio, lo que redunda en menores costos y riesgos para nuestros clientes, y por supuesto agotada esta instancia abordamos su tratamiento judicial.<\/p>\n<\/div>\n<div>\n<ul>\n<li>Asuntos Contenciosos.<\/li>\n<li>Soluci\u00f3n de Controversias y Arbitraje<\/li>\n<li>Bancos y Finanzas. Recupero de cartera legal y pre-legal.<\/li>\n<li>Derecho Administrativo<\/li>\n<li>Derecho Ambiental<\/li>\n<li>Derecho Comercial<\/li>\n<li>Derecho Fiscal y Aduanero<\/li>\n<li>Derecho Laboral<\/li>\n<li>Insolvencia y Reestructuraciones<\/li>\n<li>Marcas y Patentes<\/li>\n<li>Operaciones Inmobiliarias y Construcci\u00f3n<\/li>\n<li>Recursos Naturales y Energ\u00eda: Miner\u00eda, Petr\u00f3leo y Gas<\/li>\n<li>Seguros<\/li>\n<li>Sociedades, Inversiones Extranjeras, Fusiones y Adquisiciones<\/li>\n<li>Comercio Exterior.<\/li>\n<\/ul>\n<\/div>\n","protected":false},"excerpt":{"rendered":"<p>Gesti\u00f3n Corporativa Nuestro estudio se especializa en la atenci\u00f3n de empresas, brindando asesoramiento integral en las distintas contingencias que afectan a las mismas en su desarrollo. Procuramos evitar la litigiosidad innecesaria, agotando la instancia extrajudicial, una especie de asesoramiento preventivo, eventualmente conciliatorio, lo que redunda en menores costos y riesgos para nuestros clientes, y por [&hellip;]<\/p>\n","protected":false},"author":1,"featured_media":0,"parent":0,"menu_order":2,"comment_status":"closed","ping_status":"closed","template":"","meta":{"footnotes":""},"class_list":["post-15","page","type-page","status-publish","hentry"],"_links":{"self":[{"href":"http:\/\/estudiofares.com\/index.php?rest_route=\/wp\/v2\/pages\/15","targetHints":{"allow":["GET"]}}],"collection":[{"href":"http:\/\/estudiofares.com\/index.php?rest_route=\/wp\/v2\/pages"}],"about":[{"href":"http:\/\/estudiofares.com\/index.php?rest_route=\/wp\/v2\/types\/page"}],"author":[{"embeddable":true,"href":"http:\/\/estudiofares.com\/index.php?rest_route=\/wp\/v2\/users\/1"}],"replies":[{"embeddable":true,"href":"http:\/\/estudiofares.com\/index.php?rest_route=%2Fwp%2Fv2%2Fcomments&post=15"}],"version-history":[{"count":1,"href":"http:\/\/estudiofares.com\/index.php?rest_route=\/wp\/v2\/pages\/15\/revisions"}],"predecessor-version":[{"id":16,"href":"http:\/\/estudiofares.com\/index.php?rest_route=\/wp\/v2\/pages\/15\/revisions\/16"}],"wp:attachment":[{"href":"http:\/\/estudiofares.com\/index.php?rest_route=%2Fwp%2Fv2%2Fmedia&parent=15"}],"curies":[{"name":"wp","href":"https:\/\/api.w.org\/{rel}","templated":true}]}}